{"id":724,"date":"2018-11-07T16:19:33","date_gmt":"2018-11-07T16:19:33","guid":{"rendered":"http:\/\/http:\/\/www.saintedevotemonaco.com?page_id=724"},"modified":"2019-01-22T10:17:39","modified_gmt":"2019-01-22T09:17:39","slug":"test","status":"publish","type":"page","link":"https:\/\/www.saintedevotemonaco.com\/it\/","title":{"rendered":"Home"},"content":{"rendered":" \n\n<div class=\"grid-container \">\n<div class=\"preview_and_image_block grid-x grid-padding-x grid-margin-x\">\n<div class=\"cell small-12 medium-9\">\n\n<h3 class=\"standard_title__big\">Attualit\u00e0 &#8211; Notizie<\/h3>\n\t<ul class=\"grid-container full\">\n\t\t    <li class=\"grid-x single_related_pos\">\n        <div class=\"img_wrp cell small-12 medium-4\">\n\t\t<img loading=\"lazy\" decoding=\"async\" width=\"204\" height=\"145\" src=\"https:\/\/www.saintedevotemonaco.com\/wp-content\/uploads\/2019\/01\/Yacht-Club-Sainte-Devote-Monaco.jpg\" class=\"attachment-homepage-thumb size-homepage-thumb wp-post-image\" alt=\"M.Roger Rossi Pr\u00e9sentation DVD Sainte D\u00e9vote\" \/>\t\t\t<\/div>\n<div class=\" cell small-12 medium-8\">\n\t<div class=\"conts_wrp\">\n\t\t\t<a class=\"related_title standard_title__small\" href=\"https:\/\/www.saintedevotemonaco.com\/it\/25-gennaio-2018-proiezione-dvd-su-santa-devota-yacht-club-monaco\/\">25 gennaio 2018 : proiezione del DVD su Santa Devota al Yacht Club di Monaco<\/a><a class=\"related_button related_button__desktop standard_button__solid\" href=\"https:\/\/www.saintedevotemonaco.com\/it\/25-gennaio-2018-proiezione-dvd-su-santa-devota-yacht-club-monaco\/\">Continua<\/a>\n\t<\/div>\n\t\t\t<span>\nQuesto gioved\u00ec 25 gennaio 2018, una presentazione e la proiezione del DVD video su Santa Devota si \u00e8 tenuta allo Yacht Club di Monaco, in presenza &#8230;<\/span>\n\n\t\t\t<a class=\"related_button related_button__mobile standard_button__solid\" href=\"https:\/\/www.saintedevotemonaco.com\/it\/25-gennaio-2018-proiezione-dvd-su-santa-devota-yacht-club-monaco\/\">Continua<\/a>\n\t\t\t<\/div>\n\t\t\t\n\t    <\/li>\n\t\t    <li class=\"grid-x single_related_pos\">\n        <div class=\"img_wrp cell small-12 medium-4\">\n\t\t<img loading=\"lazy\" decoding=\"async\" width=\"204\" height=\"145\" src=\"https:\/\/www.saintedevotemonaco.com\/wp-content\/uploads\/2019\/01\/DVD-Sainte-Devote-Monaco-2.jpg\" class=\"attachment-homepage-thumb size-homepage-thumb wp-post-image\" alt=\"M Rossi et M Maggi DVD sainte D\u00e9vote Monaco\" \/>\t\t\t<\/div>\n<div class=\" cell small-12 medium-8\">\n\t<div class=\"conts_wrp\">\n\t\t\t<a class=\"related_title standard_title__small\" href=\"https:\/\/www.saintedevotemonaco.com\/it\/47000-dvd-sainte-devote-offerti\/\">47000 DVD Sainte D\u00e9vote offerti all&#8217;inizio dell&#8217;anno 2018<\/a><a class=\"related_button related_button__desktop standard_button__solid\" href=\"https:\/\/www.saintedevotemonaco.com\/it\/47000-dvd-sainte-devote-offerti\/\">Continua<\/a>\n\t<\/div>\n\t\t\t<span>\nRoger Rossi era, all\u2019origine nel 2007, con Stephan Maggi, del primo film documentario su Sainte D\u00e9vote. &#8220;Al di l\u00e0 del dovere di memoria che \u00e8 st&#8230;<\/span>\n\n\t\t\t<a class=\"related_button related_button__mobile standard_button__solid\" href=\"https:\/\/www.saintedevotemonaco.com\/it\/47000-dvd-sainte-devote-offerti\/\">Continua<\/a>\n\t\t\t<\/div>\n\t\t\t\n\t    <\/li>\n\t\t    <li class=\"grid-x single_related_pos\">\n        <div class=\"img_wrp cell small-12 medium-4\">\n\t\t<img loading=\"lazy\" decoding=\"async\" width=\"204\" height=\"145\" src=\"https:\/\/www.saintedevotemonaco.com\/wp-content\/uploads\/2018\/11\/Prince-Albert-II-et-Princesse-Charlene.jpg\" class=\"attachment-homepage-thumb size-homepage-thumb wp-post-image\" alt=\"SAS il Principe Albert II de Monaco et SAS la Principessa Charlene\" \/>\t\t\t<\/div>\n<div class=\" cell small-12 medium-8\">\n\t<div class=\"conts_wrp\">\n\t\t\t<a class=\"related_title standard_title__small\" href=\"https:\/\/www.saintedevotemonaco.com\/it\/il-mazzo-di-sposa-depositato-dalla-principessa-charlene-nella-chiesa-di-santa-devota\/\">Il mazzo di sposa depositato da S.A.S. la Principessa Charl\u00e8ne nella chiesa di Santa Devota<\/a><a class=\"related_button related_button__desktop standard_button__solid\" href=\"https:\/\/www.saintedevotemonaco.com\/it\/il-mazzo-di-sposa-depositato-dalla-principessa-charlene-nella-chiesa-di-santa-devota\/\">Continua<\/a>\n\t<\/div>\n\t\t\t<span>\n\n\n\n\nNella tradizione cattolica, si \u00e8 soliti dare il suo mazzo di nozze alla vergine o a una santa martirio come \u00e8 il caso nel principato di Monaco,&#8230;<\/span>\n\n\t\t\t<a class=\"related_button related_button__mobile standard_button__solid\" href=\"https:\/\/www.saintedevotemonaco.com\/it\/il-mazzo-di-sposa-depositato-dalla-principessa-charlene-nella-chiesa-di-santa-devota\/\">Continua<\/a>\n\t\t\t<\/div>\n\t\t\t\n\t    <\/li>\n\t\t<span style=\"float:right;\" class=\"btn_read_more\"><a href=\"https:\/\/www.saintedevotemonaco.com\/it\/news\/\">Leggi tutto<\/a><\/span>\n\n\t<\/ul>\n\n\n<\/div>\n<div class=\"cell small-12 medium-3\">\n<h3 class=\"standard_title__big\">Per ricevere un DVD<\/h3>\n<div class=\"dvd_block__wrp\">\n<a class=\"dvd_block\" href=\"https:\/\/www.saintedevotemonaco.com\/it\/il-dvd\/ottenere-un-dvd\/\">\n<picture>\n\n\t<img decoding=\"async\" src=\"https:\/\/www.saintedevotemonaco.com\/wp-content\/uploads\/2018\/11\/get_dvd_fr-e1541780218806.png\" alt=\"Sainte D\u00e9vote DVD\" \/>\n\n<\/picture>\n<div class=\"content_right_side\">\n<h3 class=\"standard_title__small\">Come richiedere una copia<\/h3>\n<h4 class=\"standard_subtitle\"><\/h4>\n<p>Ricevere un DVD gratuito di Sainte D\u00e9vote? Niente di pi\u00f9 semplice&#8230; Clicca qui e riempi il formulario.<\/p>\n<\/div>\n\t<\/a>\n\t<\/div>\n<\/div>\n<\/div>\n<\/div>\n\n<div class=\"grid-container full single_block_carousel_elements__wrp\">\n <div class=\"single_block_carousel_elements grid-x grid-padding-x\">\n\t \t <div class=\"single_slide cell small-12\"> \n\t \t\t\t\t\t\n\t\t\t\t\t<a data-fancybox=\"gallery\" class=\"fancybox\" href=\"https:\/\/www.saintedevotemonaco.com\/wp-content\/uploads\/2018\/11\/bandeau1.jpg \">\n\t\t\t\t\t\n\t\t\t\t<img loading=\"lazy\" decoding=\"async\" class=\"single_slide_img\" src=\"https:\/\/www.saintedevotemonaco.com\/wp-content\/uploads\/2018\/11\/bandeau1.jpg\" alt=\"\" width=\"560\" height=\"150\" \/>\n\t\t\t\t\t\n\t\t\t<\/a>\n\t<\/div>\n\t \t <div class=\"single_slide cell small-12\"> \n\t \t\t\t\t\t\n\t\t\t\t\t<a data-fancybox=\"gallery\" class=\"fancybox\" href=\"https:\/\/www.saintedevotemonaco.com\/wp-content\/uploads\/2018\/11\/bandeau5.jpg \">\n\t\t\t\t\t\n\t\t\t\t<img loading=\"lazy\" decoding=\"async\" class=\"single_slide_img\" src=\"https:\/\/www.saintedevotemonaco.com\/wp-content\/uploads\/2018\/11\/bandeau5.jpg\" alt=\"\" width=\"560\" height=\"150\" \/>\n\t\t\t\t\t\n\t\t\t<\/a>\n\t<\/div>\n\t \t <div class=\"single_slide cell small-12\"> \n\t \t\t\t\t\t\n\t\t\t\t\t<a data-fancybox=\"gallery\" class=\"fancybox\" href=\"https:\/\/www.saintedevotemonaco.com\/wp-content\/uploads\/2018\/11\/bandeau3.jpg \">\n\t\t\t\t\t\n\t\t\t\t<img loading=\"lazy\" decoding=\"async\" class=\"single_slide_img\" src=\"https:\/\/www.saintedevotemonaco.com\/wp-content\/uploads\/2018\/11\/bandeau3.jpg\" alt=\"\" width=\"560\" height=\"150\" \/>\n\t\t\t\t\t\n\t\t\t<\/a>\n\t<\/div>\n\t \t <div class=\"single_slide cell small-12\"> \n\t \t\t\t\t\t\n\t\t\t\t\t<a data-fancybox=\"gallery\" class=\"fancybox\" href=\"https:\/\/www.saintedevotemonaco.com\/wp-content\/uploads\/2018\/11\/bandeau2.jpg \">\n\t\t\t\t\t\n\t\t\t\t<img loading=\"lazy\" decoding=\"async\" class=\"single_slide_img\" src=\"https:\/\/www.saintedevotemonaco.com\/wp-content\/uploads\/2018\/11\/bandeau2.jpg\" alt=\"\" width=\"560\" height=\"150\" \/>\n\t\t\t\t\t\n\t\t\t<\/a>\n\t<\/div>\n\t <\/div>\n<\/div>\n  \n\n<div class=\"grid-container \">\n    <div class=\"slogan_home_block grid-x grid-padding-x grid-margin-x\">\n        <div class=\"cell small-12 medium-9\">\n            <h3 class=\"standard_title__big\">\n                Perch\u00e9 un sito su Santa Devota?            <\/h3>\n            <p>Nel Principato di Monaco, dove la religione cattolica, apostolica e romana \u00e8 religione di Stato, Santa Devota \u00e8 sempre stata intimamente legata alla storia del paese e delle tradizioni.<\/p>\n<p>Questo attaccamento e questo fervore nei confronti della Santa sono profondamente sentiti e durano da tempo, non solo a Monaco, ma anche in Corsica.<\/p>\n<p>Eppure, certi aspetti della sua vita, cos\u00ec come le manifestazioni che le sono consacrate e moltri altri aspetti sono poco conosciuti, confusi e persino sconosciuti.<\/p>\n<p>&nbsp;<\/p>\n<p>Questa \u00e8 dunque la modesta ambizione di questo sito : essere un moderno supporto che permetta di scoprire il vero volto di Santa devota, la cui tradizione \u00e8 radicata da secoli.<\/p>\n\n        <\/div>\n        <div class=\"cell small-12 medium-3\">\n            <h3 class=\"standard_title__big\">\n                Galleria immagini            <\/h3>\n            \n\n                <div class=\"slogan_carousel\">\n                        <img loading=\"lazy\" decoding=\"async\" width=\"300\" height=\"216\" src=\"https:\/\/www.saintedevotemonaco.com\/wp-content\/uploads\/2018\/11\/procession_26_01_800-1-300x216.jpg\" class=\"attachment-medium size-medium\" alt=\"procession\" srcset=\"https:\/\/www.saintedevotemonaco.com\/wp-content\/uploads\/2018\/11\/procession_26_01_800-1-300x216.jpg 300w, https:\/\/www.saintedevotemonaco.com\/wp-content\/uploads\/2018\/11\/procession_26_01_800-1-768x552.jpg 768w, https:\/\/www.saintedevotemonaco.com\/wp-content\/uploads\/2018\/11\/procession_26_01_800-1-500x359.jpg 500w, https:\/\/www.saintedevotemonaco.com\/wp-content\/uploads\/2018\/11\/procession_26_01_800-1-600x431.jpg 600w, https:\/\/www.saintedevotemonaco.com\/wp-content\/uploads\/2018\/11\/procession_26_01_800-1.jpg 800w\" sizes=\"auto, (max-width: 300px) 100vw, 300px\" \/>                        <img loading=\"lazy\" decoding=\"async\" width=\"200\" height=\"150\" src=\"https:\/\/www.saintedevotemonaco.com\/wp-content\/uploads\/2018\/11\/canonica_m.jpg\" class=\"attachment-medium size-medium\" alt=\"\" \/>                        <img loading=\"lazy\" decoding=\"async\" width=\"300\" height=\"236\" src=\"https:\/\/www.saintedevotemonaco.com\/wp-content\/uploads\/2018\/11\/CharleneAlbert-300x236.jpg\" class=\"attachment-medium size-medium\" alt=\"\" srcset=\"https:\/\/www.saintedevotemonaco.com\/wp-content\/uploads\/2018\/11\/CharleneAlbert-300x236.jpg 300w, https:\/\/www.saintedevotemonaco.com\/wp-content\/uploads\/2018\/11\/CharleneAlbert.jpg 381w\" sizes=\"auto, (max-width: 300px) 100vw, 300px\" \/>                        <img loading=\"lazy\" decoding=\"async\" width=\"200\" height=\"150\" src=\"https:\/\/www.saintedevotemonaco.com\/wp-content\/uploads\/2018\/11\/prince_m.jpg\" class=\"attachment-medium size-medium\" alt=\"\" \/>                        <img loading=\"lazy\" decoding=\"async\" width=\"300\" height=\"288\" src=\"https:\/\/www.saintedevotemonaco.com\/wp-content\/uploads\/2018\/11\/embrasement2_800-2-300x288.jpg\" class=\"attachment-medium size-medium\" alt=\"embrasement\" srcset=\"https:\/\/www.saintedevotemonaco.com\/wp-content\/uploads\/2018\/11\/embrasement2_800-2-300x288.jpg 300w, https:\/\/www.saintedevotemonaco.com\/wp-content\/uploads\/2018\/11\/embrasement2_800-2-768x737.jpg 768w, https:\/\/www.saintedevotemonaco.com\/wp-content\/uploads\/2018\/11\/embrasement2_800-2-500x480.jpg 500w, https:\/\/www.saintedevotemonaco.com\/wp-content\/uploads\/2018\/11\/embrasement2_800-2-600x576.jpg 600w, https:\/\/www.saintedevotemonaco.com\/wp-content\/uploads\/2018\/11\/embrasement2_800-2.jpg 800w\" sizes=\"auto, (max-width: 300px) 100vw, 300px\" \/>                        <img loading=\"lazy\" decoding=\"async\" width=\"300\" height=\"248\" src=\"https:\/\/www.saintedevotemonaco.com\/wp-content\/uploads\/2018\/11\/lucciana-1-300x248.jpg\" class=\"attachment-medium size-medium\" alt=\"Lucciana\" srcset=\"https:\/\/www.saintedevotemonaco.com\/wp-content\/uploads\/2018\/11\/lucciana-1-300x248.jpg 300w, https:\/\/www.saintedevotemonaco.com\/wp-content\/uploads\/2018\/11\/lucciana-1-500x414.jpg 500w, https:\/\/www.saintedevotemonaco.com\/wp-content\/uploads\/2018\/11\/lucciana-1-600x497.jpg 600w, https:\/\/www.saintedevotemonaco.com\/wp-content\/uploads\/2018\/11\/lucciana-1.jpg 681w\" sizes=\"auto, (max-width: 300px) 100vw, 300px\" \/>                        <img loading=\"lazy\" decoding=\"async\" width=\"300\" height=\"274\" src=\"https:\/\/www.saintedevotemonaco.com\/wp-content\/uploads\/2018\/11\/devote-2-300x274.jpg\" class=\"attachment-medium size-medium\" alt=\"immagine Santa Devota\" srcset=\"https:\/\/www.saintedevotemonaco.com\/wp-content\/uploads\/2018\/11\/devote-2-300x274.jpg 300w, https:\/\/www.saintedevotemonaco.com\/wp-content\/uploads\/2018\/11\/devote-2-500x457.jpg 500w, https:\/\/www.saintedevotemonaco.com\/wp-content\/uploads\/2018\/11\/devote-2.jpg 540w\" sizes=\"auto, (max-width: 300px) 100vw, 300px\" \/>                        <img loading=\"lazy\" decoding=\"async\" width=\"200\" height=\"150\" src=\"https:\/\/www.saintedevotemonaco.com\/wp-content\/uploads\/2018\/11\/querci_m.jpg\" class=\"attachment-medium size-medium\" alt=\"\" \/>        <\/div>\n\n        <\/div>\n    <\/div>\n<\/div>","protected":false},"excerpt":{"rendered":"","protected":false},"author":2,"featured_media":0,"parent":0,"menu_order":0,"comment_status":"closed","ping_status":"closed","template":"template-home.php","meta":{"footnotes":""},"class_list":["post-724","page","type-page","status-publish","hentry"],"aioseo_notices":[],"_links":{"self":[{"href":"https:\/\/www.saintedevotemonaco.com\/it\/wp-json\/wp\/v2\/pages\/724","targetHints":{"allow":["GET"]}}],"collection":[{"href":"https:\/\/www.saintedevotemonaco.com\/it\/wp-json\/wp\/v2\/pages"}],"about":[{"href":"https:\/\/www.saintedevotemonaco.com\/it\/wp-json\/wp\/v2\/types\/page"}],"author":[{"embeddable":true,"href":"https:\/\/www.saintedevotemonaco.com\/it\/wp-json\/wp\/v2\/users\/2"}],"replies":[{"embeddable":true,"href":"https:\/\/www.saintedevotemonaco.com\/it\/wp-json\/wp\/v2\/comments?post=724"}],"version-history":[{"count":0,"href":"https:\/\/www.saintedevotemonaco.com\/it\/wp-json\/wp\/v2\/pages\/724\/revisions"}],"wp:attachment":[{"href":"https:\/\/www.saintedevotemonaco.com\/it\/wp-json\/wp\/v2\/media?parent=724"}],"curies":[{"name":"wp","href":"https:\/\/api.w.org\/{rel}","templated":true}]}}