{"id":1375,"date":"2018-11-30T08:21:12","date_gmt":"2018-11-30T08:21:12","guid":{"rendered":"http:\/\/http:\/\/www.saintedevotemonaco.com\/?page_id=1375"},"modified":"2018-12-20T13:32:39","modified_gmt":"2018-12-20T13:32:39","slug":"patrona-della-corsica","status":"publish","type":"page","link":"https:\/\/www.saintedevotemonaco.com\/it\/patrona-della-corsica\/","title":{"rendered":"Patrona della Corsica"},"content":{"rendered":"\n<p>In Corsica bisogna attendere il XVII secolo perch\u00e8 il culto della \nSanta diventi importante sull&#8217;isola dove furono mandate dal Principato \ndelle reliquie della martire, l&#8217;una, nel 1637, esposta nella chiesa di \nSant&#8217;Ignazio dei Gesuiti, e un&#8217;altra nel 1728.<\/p>\n\n\n\n<h4 class=\"wp-block-heading\">1727-1751, tre richieste intraprese<\/h4>\n\n\n\n<p>Fra il 1721 e il 1751 furono fatte, invano, tre richieste presso Roma\n per ottenere che la Santa Devota (\u00ab Santa Divota \u00bb in lingua corsa) \nfosse dichiarata patrona del Reame di Corsica.<\/p>\n\n\n\n<p>Gi\u00e0 nel 1731, Devota fu scelta come protettrice della Corsica.<\/p>\n\n\n\n<div class=\"wp-block-image\"><figure class=\"aligncenter\"><img loading=\"lazy\" decoding=\"async\" width=\"768\" height=\"576\" src=\"http:\/\/http:\/\/www.saintedevotemonaco.com\/wp-content\/uploads\/2018\/11\/canonica.jpg\" alt=\" Cath\u00e9drale Canonica\" class=\"wp-image-305\" srcset=\"https:\/\/www.saintedevotemonaco.com\/wp-content\/uploads\/2018\/11\/canonica.jpg 768w, https:\/\/www.saintedevotemonaco.com\/wp-content\/uploads\/2018\/11\/canonica-300x225.jpg 300w, https:\/\/www.saintedevotemonaco.com\/wp-content\/uploads\/2018\/11\/canonica-500x375.jpg 500w, https:\/\/www.saintedevotemonaco.com\/wp-content\/uploads\/2018\/11\/canonica-600x450.jpg 600w\" sizes=\"auto, (max-width: 768px) 100vw, 768px\" \/><figcaption>Cattedrale Canonica<\/figcaption><\/figure><\/div>\n\n\n\n<h4 class=\"wp-block-heading\">Patrona della Corsica per decreto della Congregazione dei riti del 14 marzo 1820<\/h4>\n\n\n\n<p>Nel 1820, il primo vescovo della Chiesa di Corsica raggrupp\u00f2 le sei \nantiche diocesi dell?isola, proclamando ormai Santa Devota patrona \nprincipale della Corsica, al pari di Santa Giulia da Nonza, in seguito \nal decreto della Congrega dei Riti del 14 marzo.<\/p>\n\n\n\n<h4 class=\"wp-block-heading\">Pietranera, prima chiesa dedicata alla Santa<\/h4>\n\n\n\n<p>Nel 1893, per la prima volta, \u00e8 dedicata a Santa Devota una chiesa, \nquella ricostruita a Pietranera. Rester\u00e0 fino al 1936 il solo luogo di \nculto corso posto sotto la protezione della giovane martire.<\/p>\n\n\n\n<p>Oggi, se la festa della Santa Devota resta fissata proprio al 27 \ngennaio, la solennit\u00e0 \u00e8 riportata alla domenica seguente, mentre, il \nluned\u00ec di Pentecoste, una celebrazione riunisce numerose confraternite \ndi Penitenti che partecipano alla processione dalla cattedrale della \nCanonica. I testi ufficiali della messa furono approvati il 18 marzo \n1984 dal vescovo di Aiaccio e dalla Congrega per il culto divino l&#8217;11 \nagosto dello stesso anno.<\/p>\n\n\n\n<h4 class=\"wp-block-heading\">Al grido di \u00ab Santa Devota \u00bb<\/h4>\n\n\n\n<p>Santa Devota arm\u00f2 il braccio dei Corsi contro gli invasori Genovesi. \nSi racconta che sotto Giampietro Goffroy, poi sotto Pascal Paoli, i \nCorsi espulsero i Genovesi al grido di : \u00ab Santa Devota ! \u00bb.<\/p>\n\n\n\n<p>Il fervore del popolo corso nei confronti di Santa Devota \u00e9 sempre stato grande. La sua popolarit\u00e0 tocc\u00f2 persino gli autori teatrali. Nel 1912, Ghijuvan Petru Lucciardi scrisse e mise in scena a teatro \u00ab U martiriu di Santa Divota \u00bb (Il martirio di Santa Devota).<\/p>\n","protected":false},"excerpt":{"rendered":"<p>In Corsica bisogna attendere il XVII secolo perch\u00e8 il culto della Santa diventi importante sull&#8217;isola dove furono mandate dal Principato delle reliquie della martire, l&#8217;una, nel 1637, esposta nella chiesa di Sant&#8217;Ignazio dei Gesuiti, e un&#8217;altra nel 1728. 1727-1751, tre richieste intraprese Fra il 1721 e il 1751 furono fatte, invano, tre richieste presso Roma [&hellip;]<\/p>\n","protected":false},"author":2,"featured_media":0,"parent":0,"menu_order":0,"comment_status":"closed","ping_status":"closed","template":"","meta":{"footnotes":""},"class_list":["post-1375","page","type-page","status-publish","hentry"],"aioseo_notices":[],"_links":{"self":[{"href":"https:\/\/www.saintedevotemonaco.com\/it\/wp-json\/wp\/v2\/pages\/1375","targetHints":{"allow":["GET"]}}],"collection":[{"href":"https:\/\/www.saintedevotemonaco.com\/it\/wp-json\/wp\/v2\/pages"}],"about":[{"href":"https:\/\/www.saintedevotemonaco.com\/it\/wp-json\/wp\/v2\/types\/page"}],"author":[{"embeddable":true,"href":"https:\/\/www.saintedevotemonaco.com\/it\/wp-json\/wp\/v2\/users\/2"}],"replies":[{"embeddable":true,"href":"https:\/\/www.saintedevotemonaco.com\/it\/wp-json\/wp\/v2\/comments?post=1375"}],"version-history":[{"count":0,"href":"https:\/\/www.saintedevotemonaco.com\/it\/wp-json\/wp\/v2\/pages\/1375\/revisions"}],"wp:attachment":[{"href":"https:\/\/www.saintedevotemonaco.com\/it\/wp-json\/wp\/v2\/media?parent=1375"}],"curies":[{"name":"wp","href":"https:\/\/api.w.org\/{rel}","templated":true}]}}