{"id":729,"date":"2018-11-07T16:19:33","date_gmt":"2018-11-07T16:19:33","guid":{"rendered":"http:\/\/http:\/\/www.saintedevotemonaco.com?page_id=729"},"modified":"2019-01-10T18:33:22","modified_gmt":"2019-01-10T17:33:22","slug":"test","status":"publish","type":"page","link":"https:\/\/www.saintedevotemonaco.com\/es\/","title":{"rendered":"Inicio"},"content":{"rendered":" \n\n<div class=\"grid-container \">\n<div class=\"preview_and_image_block grid-x grid-padding-x grid-margin-x\">\n<div class=\"cell small-12 medium-9\">\n\n<h3 class=\"standard_title__big\">Noticias y hechos destacados<\/h3>\n\t<ul class=\"grid-container full\">\n\t\t    <li class=\"grid-x single_related_pos\">\n        <div class=\"img_wrp cell small-12 medium-4\">\n\t\t<img loading=\"lazy\" decoding=\"async\" width=\"200\" height=\"145\" src=\"https:\/\/www.saintedevotemonaco.com\/wp-content\/uploads\/2018\/11\/barque_m-1-200x145.jpg\" class=\"attachment-homepage-thumb size-homepage-thumb wp-post-image\" alt=\"\" \/>\t\t\t<\/div>\n<div class=\" cell small-12 medium-8\">\n\t<div class=\"conts_wrp\">\n\t\t\t<a class=\"related_title standard_title__small\" href=\"https:\/\/www.saintedevotemonaco.com\/es\/por-que-se-quema-la-barca\/\">\u00bf Por qu\u00e9 se quema la barca ?<\/a><a class=\"related_button related_button__desktop standard_button__solid\" href=\"https:\/\/www.saintedevotemonaco.com\/es\/por-que-se-quema-la-barca\/\">Lee mas<\/a>\n\t<\/div>\n\t\t\t<span>\n\n\n\n\nUn pescador quer\u00eda robar las reliquias de la Santa. Para castirgarlo, otros pescadores se apoderaron de su barca y la quemaron en signo de repre&#8230;<\/span>\n\n\t\t\t<a class=\"related_button related_button__mobile standard_button__solid\" href=\"https:\/\/www.saintedevotemonaco.com\/es\/por-que-se-quema-la-barca\/\">Lee mas<\/a>\n\t\t\t<\/div>\n\t\t\t\n\t    <\/li>\n\t\t    <li class=\"grid-x single_related_pos\">\n        <div class=\"img_wrp cell small-12 medium-4\">\n\t\t<img loading=\"lazy\" decoding=\"async\" width=\"255\" height=\"145\" src=\"https:\/\/www.saintedevotemonaco.com\/wp-content\/uploads\/2018\/11\/p_albert-1-255x145.jpg\" class=\"attachment-homepage-thumb size-homepage-thumb wp-post-image\" alt=\"\" \/>\t\t\t<\/div>\n<div class=\" cell small-12 medium-8\">\n\t<div class=\"conts_wrp\">\n\t\t\t<a class=\"related_title standard_title__small\" href=\"https:\/\/www.saintedevotemonaco.com\/es\/2003-los-principes-rainiero-iii-y-alberto-ii-sobre-los-pasos-de-la-santa-en-corcega\/\">2003 : Los Pr\u00edncipes Rainiero III y Alberto II sobre los pasos de la Santa en C\u00f3rcega<\/a><a class=\"related_button related_button__desktop standard_button__solid\" href=\"https:\/\/www.saintedevotemonaco.com\/es\/2003-los-principes-rainiero-iii-y-alberto-ii-sobre-los-pasos-de-la-santa-en-corcega\/\">Lee mas<\/a>\n\t<\/div>\n\t\t\t<span>\nPara las festividades de Pentecostes, en Junio de 2003, con motivo de los 1700 a\u00f1os del aniversario del martirio de Devota, Sus Altezas Seren\u00edsimas&#8230;<\/span>\n\n\t\t\t<a class=\"related_button related_button__mobile standard_button__solid\" href=\"https:\/\/www.saintedevotemonaco.com\/es\/2003-los-principes-rainiero-iii-y-alberto-ii-sobre-los-pasos-de-la-santa-en-corcega\/\">Lee mas<\/a>\n\t\t\t<\/div>\n\t\t\t\n\t    <\/li>\n\t\t    <li class=\"grid-x single_related_pos\">\n        <div class=\"img_wrp cell small-12 medium-4\">\n\t\t<img loading=\"lazy\" decoding=\"async\" width=\"200\" height=\"145\" src=\"https:\/\/www.saintedevotemonaco.com\/wp-content\/uploads\/2018\/11\/canonica_m-1-200x145.jpg\" class=\"attachment-homepage-thumb size-homepage-thumb wp-post-image\" alt=\"canonica\" \/>\t\t\t<\/div>\n<div class=\" cell small-12 medium-8\">\n\t<div class=\"conts_wrp\">\n\t\t\t<a class=\"related_title standard_title__small\" href=\"https:\/\/www.saintedevotemonaco.com\/es\/canonica-una-estatua-de-santa-devota-regalo-del-principe-rainiero-iii\/\">Can\u00f3nica : una estatua de Santa Devota, regalo del Pr\u00edncipe Rainiero III<\/a><a class=\"related_button related_button__desktop standard_button__solid\" href=\"https:\/\/www.saintedevotemonaco.com\/es\/canonica-una-estatua-de-santa-devota-regalo-del-principe-rainiero-iii\/\">Lee mas<\/a>\n\t<\/div>\n\t\t\t<span>\n&nbsp;de junio de 2003, con motivo de su visita en C\u00f3rcega, el d\u00e9cimo s\u00e9ptimo centenario del m\u00e1rtir de Santa Devota, el Pr\u00edncipe Rainiero III re&#8230;<\/span>\n\n\t\t\t<a class=\"related_button related_button__mobile standard_button__solid\" href=\"https:\/\/www.saintedevotemonaco.com\/es\/canonica-una-estatua-de-santa-devota-regalo-del-principe-rainiero-iii\/\">Lee mas<\/a>\n\t\t\t<\/div>\n\t\t\t\n\t    <\/li>\n\t\t<span style=\"float:right;\" class=\"btn_read_more\"><a href=\"https:\/\/www.saintedevotemonaco.com\/es\/news\/\">Leer todas las noticias<\/a><\/span>\n\n\t<\/ul>\n\n\n<\/div>\n<div class=\"cell small-12 medium-3\">\n<h3 class=\"standard_title__big\">Recibir un DVD<\/h3>\n<div class=\"dvd_block__wrp\">\n<a class=\"dvd_block\" href=\"https:\/\/www.saintedevotemonaco.com\/es\/el-dvd\/recibir-un-dvd\/\">\n<picture>\n\n\t<img decoding=\"async\" src=\"https:\/\/www.saintedevotemonaco.com\/wp-content\/uploads\/2018\/11\/get_dvd_fr-e1541780218806.png\" alt=\"Sainte D\u00e9vote DVD\" \/>\n\n<\/picture>\n<div class=\"content_right_side\">\n<h3 class=\"standard_title__small\">\u00bf C\u00f3mo recibir un DVD ? <\/h3>\n<h4 class=\"standard_subtitle\"><\/h4>\n<p>\u00bf Recibir gratuitamente el DVD?Santa Devota ? <br \/>Nada m\u00e0s sencillo\u2026?Clic aqu\u00ec y rellenar el formulario.<\/p>\n<\/div>\n\t<\/a>\n\t<\/div>\n<\/div>\n<\/div>\n<\/div>\n\n<div class=\"grid-container full single_block_carousel_elements__wrp\">\n <div class=\"single_block_carousel_elements grid-x grid-padding-x\">\n\t \t <div class=\"single_slide cell small-12\"> \n\t \t\t\t\t\t\n\t\t\t\t\t<a data-fancybox=\"gallery\" class=\"fancybox\" href=\"https:\/\/www.saintedevotemonaco.com\/wp-content\/uploads\/2018\/11\/bandeau1.jpg \">\n\t\t\t\t\t\n\t\t\t\t<img loading=\"lazy\" decoding=\"async\" class=\"single_slide_img\" src=\"https:\/\/www.saintedevotemonaco.com\/wp-content\/uploads\/2018\/11\/bandeau1.jpg\" alt=\"\" width=\"560\" height=\"150\" \/>\n\t\t\t\t\t\n\t\t\t<\/a>\n\t<\/div>\n\t \t <div class=\"single_slide cell small-12\"> \n\t \t\t\t\t\t\n\t\t\t\t\t<a data-fancybox=\"gallery\" class=\"fancybox\" href=\"https:\/\/www.saintedevotemonaco.com\/wp-content\/uploads\/2018\/11\/bandeau5.jpg \">\n\t\t\t\t\t\n\t\t\t\t<img loading=\"lazy\" decoding=\"async\" class=\"single_slide_img\" src=\"https:\/\/www.saintedevotemonaco.com\/wp-content\/uploads\/2018\/11\/bandeau5.jpg\" alt=\"\" width=\"560\" height=\"150\" \/>\n\t\t\t\t\t\n\t\t\t<\/a>\n\t<\/div>\n\t \t <div class=\"single_slide cell small-12\"> \n\t \t\t\t\t\t\n\t\t\t\t\t<a data-fancybox=\"gallery\" class=\"fancybox\" href=\"https:\/\/www.saintedevotemonaco.com\/wp-content\/uploads\/2018\/11\/bandeau3.jpg \">\n\t\t\t\t\t\n\t\t\t\t<img loading=\"lazy\" decoding=\"async\" class=\"single_slide_img\" src=\"https:\/\/www.saintedevotemonaco.com\/wp-content\/uploads\/2018\/11\/bandeau3.jpg\" alt=\"\" width=\"560\" height=\"150\" \/>\n\t\t\t\t\t\n\t\t\t<\/a>\n\t<\/div>\n\t \t <div class=\"single_slide cell small-12\"> \n\t \t\t\t\t\t\n\t\t\t\t\t<a data-fancybox=\"gallery\" class=\"fancybox\" href=\"https:\/\/www.saintedevotemonaco.com\/wp-content\/uploads\/2018\/11\/bandeau2.jpg \">\n\t\t\t\t\t\n\t\t\t\t<img loading=\"lazy\" decoding=\"async\" class=\"single_slide_img\" src=\"https:\/\/www.saintedevotemonaco.com\/wp-content\/uploads\/2018\/11\/bandeau2.jpg\" alt=\"\" width=\"560\" height=\"150\" \/>\n\t\t\t\t\t\n\t\t\t<\/a>\n\t<\/div>\n\t <\/div>\n<\/div>\n  \n\n<div class=\"grid-container \">\n    <div class=\"slogan_home_block grid-x grid-padding-x grid-margin-x\">\n        <div class=\"cell small-12 medium-9\">\n            <h3 class=\"standard_title__big\">\n                 \u00bf Por qu\u00e9 un sitio web sobre Santa Devota ?            <\/h3>\n            <p>En el Principado de M\u00f3naco, donde la religi\u00f3n cat\u00f3lica, apost\u00f3lica y romana es religi\u00f3n de Estado, Santa Devota ha estado siempre vinculada a la historia del pa\u00eds y de las tradiciones.<\/p>\n<p>Este apego y fervor per la Santa son profundamente resentidos y perduran desde los tiempos m\u00e1s remotos, no s\u00f3lo en M\u00f3naco sino tambi\u00e9n en C\u00f3rcega.<\/p>\n<p>No obstante, algunos aspectos de su vida, as\u00ed como las manifestaciones que se le dedican y muchos otros aspectos son poco conocidos, confundidos e incluso totalmente desconocidos.<\/p>\n<p>Esta es pu\u00e9s la modesta ambici\u00f3n de este sitio : ser un soporte moderno que permita descubir o conocer mejor la aut\u00e9ntica historia de Santa Devota cuya tradici\u00f3n est\u00e1 anclada desde hace siglos.<\/p>\n<p>&nbsp;<\/p>\n\n        <\/div>\n        <div class=\"cell small-12 medium-3\">\n            <h3 class=\"standard_title__big\">\n                En im\u00e1genes            <\/h3>\n            \n\n                <div class=\"slogan_carousel\">\n                        <img loading=\"lazy\" decoding=\"async\" width=\"300\" height=\"216\" src=\"https:\/\/www.saintedevotemonaco.com\/wp-content\/uploads\/2018\/11\/procession_26_01_800-1-300x216.jpg\" class=\"attachment-medium size-medium\" alt=\"procession\" srcset=\"https:\/\/www.saintedevotemonaco.com\/wp-content\/uploads\/2018\/11\/procession_26_01_800-1-300x216.jpg 300w, https:\/\/www.saintedevotemonaco.com\/wp-content\/uploads\/2018\/11\/procession_26_01_800-1-768x552.jpg 768w, https:\/\/www.saintedevotemonaco.com\/wp-content\/uploads\/2018\/11\/procession_26_01_800-1-500x359.jpg 500w, https:\/\/www.saintedevotemonaco.com\/wp-content\/uploads\/2018\/11\/procession_26_01_800-1-600x431.jpg 600w, https:\/\/www.saintedevotemonaco.com\/wp-content\/uploads\/2018\/11\/procession_26_01_800-1.jpg 800w\" sizes=\"auto, (max-width: 300px) 100vw, 300px\" \/>                        <img loading=\"lazy\" decoding=\"async\" width=\"200\" height=\"150\" src=\"https:\/\/www.saintedevotemonaco.com\/wp-content\/uploads\/2018\/11\/canonica_m.jpg\" class=\"attachment-medium size-medium\" alt=\"\" \/>                        <img loading=\"lazy\" decoding=\"async\" width=\"300\" height=\"207\" src=\"https:\/\/www.saintedevotemonaco.com\/wp-content\/uploads\/2018\/11\/Charlenelarmes-300x207.jpg\" class=\"attachment-medium size-medium\" alt=\"\" srcset=\"https:\/\/www.saintedevotemonaco.com\/wp-content\/uploads\/2018\/11\/Charlenelarmes-300x207.jpg 300w, https:\/\/www.saintedevotemonaco.com\/wp-content\/uploads\/2018\/11\/Charlenelarmes-500x345.jpg 500w, https:\/\/www.saintedevotemonaco.com\/wp-content\/uploads\/2018\/11\/Charlenelarmes-600x414.jpg 600w, https:\/\/www.saintedevotemonaco.com\/wp-content\/uploads\/2018\/11\/Charlenelarmes.jpg 620w\" sizes=\"auto, (max-width: 300px) 100vw, 300px\" \/>                        <img loading=\"lazy\" decoding=\"async\" width=\"200\" height=\"150\" src=\"https:\/\/www.saintedevotemonaco.com\/wp-content\/uploads\/2018\/11\/prince_m.jpg\" class=\"attachment-medium size-medium\" alt=\"\" \/>                        <img loading=\"lazy\" decoding=\"async\" width=\"300\" height=\"288\" src=\"https:\/\/www.saintedevotemonaco.com\/wp-content\/uploads\/2018\/11\/embrasement2_800-2-300x288.jpg\" class=\"attachment-medium size-medium\" alt=\"procession\" srcset=\"https:\/\/www.saintedevotemonaco.com\/wp-content\/uploads\/2018\/11\/embrasement2_800-2-300x288.jpg 300w, https:\/\/www.saintedevotemonaco.com\/wp-content\/uploads\/2018\/11\/embrasement2_800-2-768x737.jpg 768w, https:\/\/www.saintedevotemonaco.com\/wp-content\/uploads\/2018\/11\/embrasement2_800-2-500x480.jpg 500w, https:\/\/www.saintedevotemonaco.com\/wp-content\/uploads\/2018\/11\/embrasement2_800-2-600x576.jpg 600w, https:\/\/www.saintedevotemonaco.com\/wp-content\/uploads\/2018\/11\/embrasement2_800-2.jpg 800w\" sizes=\"auto, (max-width: 300px) 100vw, 300px\" \/>                        <img loading=\"lazy\" decoding=\"async\" width=\"300\" height=\"274\" src=\"https:\/\/www.saintedevotemonaco.com\/wp-content\/uploads\/2018\/11\/devote-2-300x274.jpg\" class=\"attachment-medium size-medium\" alt=\"immagine Santa Devota\" srcset=\"https:\/\/www.saintedevotemonaco.com\/wp-content\/uploads\/2018\/11\/devote-2-300x274.jpg 300w, https:\/\/www.saintedevotemonaco.com\/wp-content\/uploads\/2018\/11\/devote-2-500x457.jpg 500w, https:\/\/www.saintedevotemonaco.com\/wp-content\/uploads\/2018\/11\/devote-2.jpg 540w\" sizes=\"auto, (max-width: 300px) 100vw, 300px\" \/>                        <img loading=\"lazy\" decoding=\"async\" width=\"300\" height=\"248\" src=\"https:\/\/www.saintedevotemonaco.com\/wp-content\/uploads\/2018\/11\/lucciana-1-300x248.jpg\" class=\"attachment-medium size-medium\" alt=\"Lucciana\" srcset=\"https:\/\/www.saintedevotemonaco.com\/wp-content\/uploads\/2018\/11\/lucciana-1-300x248.jpg 300w, https:\/\/www.saintedevotemonaco.com\/wp-content\/uploads\/2018\/11\/lucciana-1-500x414.jpg 500w, https:\/\/www.saintedevotemonaco.com\/wp-content\/uploads\/2018\/11\/lucciana-1-600x497.jpg 600w, https:\/\/www.saintedevotemonaco.com\/wp-content\/uploads\/2018\/11\/lucciana-1.jpg 681w\" sizes=\"auto, (max-width: 300px) 100vw, 300px\" \/>                        <img loading=\"lazy\" decoding=\"async\" width=\"200\" height=\"150\" src=\"https:\/\/www.saintedevotemonaco.com\/wp-content\/uploads\/2018\/11\/querci_m.jpg\" class=\"attachment-medium size-medium\" alt=\"\" \/>        <\/div>\n\n        <\/div>\n    <\/div>\n<\/div>","protected":false},"excerpt":{"rendered":"","protected":false},"author":2,"featured_media":0,"parent":0,"menu_order":0,"comment_status":"closed","ping_status":"closed","template":"template-home.php","meta":{"footnotes":""},"class_list":["post-729","page","type-page","status-publish","hentry"],"aioseo_notices":[],"_links":{"self":[{"href":"https:\/\/www.saintedevotemonaco.com\/es\/wp-json\/wp\/v2\/pages\/729","targetHints":{"allow":["GET"]}}],"collection":[{"href":"https:\/\/www.saintedevotemonaco.com\/es\/wp-json\/wp\/v2\/pages"}],"about":[{"href":"https:\/\/www.saintedevotemonaco.com\/es\/wp-json\/wp\/v2\/types\/page"}],"author":[{"embeddable":true,"href":"https:\/\/www.saintedevotemonaco.com\/es\/wp-json\/wp\/v2\/users\/2"}],"replies":[{"embeddable":true,"href":"https:\/\/www.saintedevotemonaco.com\/es\/wp-json\/wp\/v2\/comments?post=729"}],"version-history":[{"count":0,"href":"https:\/\/www.saintedevotemonaco.com\/es\/wp-json\/wp\/v2\/pages\/729\/revisions"}],"wp:attachment":[{"href":"https:\/\/www.saintedevotemonaco.com\/es\/wp-json\/wp\/v2\/media?parent=729"}],"curies":[{"name":"wp","href":"https:\/\/api.w.org\/{rel}","templated":true}]}}