{"id":857,"date":"2018-11-10T22:40:48","date_gmt":"2018-11-10T22:40:48","guid":{"rendered":"http:\/\/http:\/\/www.saintedevotemonaco.com?page_id=857"},"modified":"2018-12-20T13:06:01","modified_gmt":"2018-12-20T13:06:01","slug":"contact","status":"publish","type":"page","link":"https:\/\/www.saintedevotemonaco.com\/de\/contact\/","title":{"rendered":"Contact"},"content":{"rendered":"<p><em><strong>M. Roger Rossi<\/strong><\/em><\/p>\n<blockquote><em>R\u00e9sidence &#8222;Les G\u00e9meaux&#8220;<br \/>15, rue Honor\u00e9 Labande<br \/><\/em><em>Monaco &#8211; Monte-Carlo<br \/><\/em><em>Principaut\u00e9 de Monaco<\/em><\/blockquote>\n\n\n<div class=\"wpcf7 no-js\" id=\"wpcf7-f2790-o1\" lang=\"en-US\" dir=\"ltr\" data-wpcf7-id=\"2790\">\n<div class=\"screen-reader-response\"><p role=\"status\" aria-live=\"polite\" aria-atomic=\"true\"><\/p> <ul><\/ul><\/div>\n<form action=\"\/de\/wp-json\/wp\/v2\/pages\/857#wpcf7-f2790-o1\" method=\"post\" class=\"wpcf7-form init\" aria-label=\"Contact form\" novalidate=\"novalidate\" data-status=\"init\">\n<fieldset class=\"hidden-fields-container\"><input type=\"hidden\" name=\"_wpcf7\" value=\"2790\" \/><input type=\"hidden\" name=\"_wpcf7_version\" value=\"6.1.4\" \/><input type=\"hidden\" name=\"_wpcf7_locale\" value=\"en_US\" \/><input type=\"hidden\" name=\"_wpcf7_unit_tag\" value=\"wpcf7-f2790-o1\" \/><input type=\"hidden\" name=\"_wpcf7_container_post\" value=\"0\" \/><input type=\"hidden\" name=\"_wpcf7_posted_data_hash\" value=\"\" \/>\n<\/fieldset>\n<section class=\"grid-container\">\n<div class=\"grid-x grid-padding-x grid-margin-x\">\n<label class=\"cell small-12 medium-6\"> Name (Pflichtfeld)\n    <span class=\"wpcf7-form-control-wrap\" data-name=\"your-name\"><input size=\"40\" maxlength=\"400\" class=\"wpcf7-form-control wpcf7-text wpcf7-validates-as-required\" aria-required=\"true\" aria-invalid=\"false\" value=\"\" type=\"text\" name=\"your-name\" \/><\/span> <\/label>\n\n<label class=\"cell small-12 medium-6\"> E-Mail-Abstimmung (Pflichtfeld)\n    <span class=\"wpcf7-form-control-wrap\" data-name=\"your-email\"><input size=\"40\" maxlength=\"400\" class=\"wpcf7-form-control wpcf7-email wpcf7-validates-as-required wpcf7-text wpcf7-validates-as-email\" aria-required=\"true\" aria-invalid=\"false\" value=\"\" type=\"email\" name=\"your-email\" \/><\/span> <\/label>\n\n<label class=\"cell small-12\"> Thema (Pflichtfeld)\n    <span class=\"wpcf7-form-control-wrap\" data-name=\"your-subject\"><input size=\"40\" maxlength=\"400\" class=\"wpcf7-form-control wpcf7-text wpcf7-validates-as-required\" aria-required=\"true\" aria-invalid=\"false\" value=\"\" type=\"text\" name=\"your-subject\" \/><\/span> <\/label>\n\n<label class=\"cell small-12 \"> Ihre Nachricht (Pflichtfeld)\n    <span class=\"wpcf7-form-control-wrap\" data-name=\"your-message\"><textarea cols=\"40\" rows=\"10\" maxlength=\"2000\" class=\"wpcf7-form-control wpcf7-textarea wpcf7-validates-as-required\" aria-required=\"true\" aria-invalid=\"false\" name=\"your-message\"><\/textarea><\/span> <\/label>\n<label class=\"cell small-12\">\n    <span class=\"wpcf7-form-control-wrap\" data-name=\"consentement-valide\"><span class=\"wpcf7-form-control wpcf7-acceptance\"><span class=\"wpcf7-list-item\"><label><input type=\"checkbox\" name=\"consentement-valide\" value=\"1\" aria-invalid=\"false\" \/><span class=\"wpcf7-list-item-label\">Durch das Aktivieren dieses, <a href=\"https:\/\/www.saintedevotemonaco.com\/donnees-personnelles\/\"\">K\u00e4stchens akzeptiere ich die Datenschutzbestimmungen dieser Website<\/a><\/span><\/label><\/span><\/span><\/span> <\/label>\n<label class=\"cell small-12 \">\n<span class=\"wpcf7-form-control-wrap\" data-name=\"quiz-259\"><label><span class=\"wpcf7-quiz-label\">Berechnen Sie diese Berechnung: 14 + six ?<\/span> <input size=\"40\" class=\"wpcf7-form-control wpcf7-quiz\" autocomplete=\"off\" aria-required=\"true\" aria-invalid=\"false\" type=\"text\" name=\"quiz-259\" \/><\/label><input type=\"hidden\" name=\"_wpcf7_quiz_answer_quiz-259\" value=\"3ff47c91f2d13ac99b54da88df45ba35\" \/><\/span>\n<\/label>\n<label class=\"cell small-12\">\n<div class=\"g-recaptcha\" data-sitekey=\"6LfUs4gUAAAAABIeUFIQ0DqOdnSahHVW2EuFOMHO\"><\/div>\n<\/label>\n<input class=\"wpcf7-form-control wpcf7-submit has-spinner standard_button__solid\" type=\"submit\" value=\"Senden\" \/>\n<\/label>\n<\/div>\n<\/section><p style=\"display: none !important;\" class=\"akismet-fields-container\" data-prefix=\"_wpcf7_ak_\"><label>&#916;<textarea name=\"_wpcf7_ak_hp_textarea\" cols=\"45\" rows=\"8\" maxlength=\"100\"><\/textarea><\/label><input type=\"hidden\" id=\"ak_js_1\" name=\"_wpcf7_ak_js\" value=\"139\"\/><script>document.getElementById( \"ak_js_1\" ).setAttribute( \"value\", ( new Date() ).getTime() );<\/script><\/p><div class=\"wpcf7-response-output\" aria-hidden=\"true\"><\/div>\n<\/form>\n<\/div>\n\n","protected":false},"excerpt":{"rendered":"<p>M. Roger Rossi R\u00e9sidence &#8222;Les G\u00e9meaux&#8220;15, rue Honor\u00e9 LabandeMonaco &#8211; Monte-CarloPrincipaut\u00e9 de Monaco<\/p>\n","protected":false},"author":2,"featured_media":0,"parent":0,"menu_order":0,"comment_status":"closed","ping_status":"closed","template":"","meta":{"footnotes":""},"class_list":["post-857","page","type-page","status-publish","hentry"],"aioseo_notices":[],"_links":{"self":[{"href":"https:\/\/www.saintedevotemonaco.com\/de\/wp-json\/wp\/v2\/pages\/857","targetHints":{"allow":["GET"]}}],"collection":[{"href":"https:\/\/www.saintedevotemonaco.com\/de\/wp-json\/wp\/v2\/pages"}],"about":[{"href":"https:\/\/www.saintedevotemonaco.com\/de\/wp-json\/wp\/v2\/types\/page"}],"author":[{"embeddable":true,"href":"https:\/\/www.saintedevotemonaco.com\/de\/wp-json\/wp\/v2\/users\/2"}],"replies":[{"embeddable":true,"href":"https:\/\/www.saintedevotemonaco.com\/de\/wp-json\/wp\/v2\/comments?post=857"}],"version-history":[{"count":0,"href":"https:\/\/www.saintedevotemonaco.com\/de\/wp-json\/wp\/v2\/pages\/857\/revisions"}],"wp:attachment":[{"href":"https:\/\/www.saintedevotemonaco.com\/de\/wp-json\/wp\/v2\/media?parent=857"}],"curies":[{"name":"wp","href":"https:\/\/api.w.org\/{rel}","templated":true}]}}