{"id":759,"date":"2018-11-09T15:55:36","date_gmt":"2018-11-09T15:55:36","guid":{"rendered":"http:\/\/http:\/\/www.saintedevotemonaco.com?page_id=759"},"modified":"2018-12-20T13:54:09","modified_gmt":"2018-12-20T13:54:09","slug":"schutzpatronin-von-monaco","status":"publish","type":"page","link":"https:\/\/www.saintedevotemonaco.com\/de\/schutzpatronin-von-monaco\/","title":{"rendered":"Schutzpatronin von Monaco"},"content":{"rendered":"\n<h3 class=\"wp-block-heading\">Die Geschichte und die Legende<\/h3>\n\n\n\n<p>Ganz am Anfang des vierten Jahrhunderts ordnete der r\u00f6mische Gouverneur Diocl\u00e9tien an, dass die Christen in Korsika (damals eine r\u00f6mische Provinz) verfolgt werden sollten.<\/p>\n\n\n\n<h4 class=\"wp-block-heading\">Eine junge Christin, die sich von ihrem Glauben nicht lossagte<\/h4>\n\n\n\n<p>Eine junge Christin, D\u00e9vote, wurde festgenommen, verhaftet und gefoltert. Sie starb, ohne sich von ihrem Glauben loszusagen. Nach ihrem Tod befahl der Gouverneur der Provinz, ihren Leichnam zu verbrennen, aber Christen entfernten ihn und brachten ihn auf ein Fischerboot, das Richtung Afrika fuhr, wo man ihn, so nahm man zumindest an, christlich bestatten w\u00fcrde.<\/p>\n\n\n\n<figure class=\"wp-block-image\"><img loading=\"lazy\" decoding=\"async\" width=\"680\" height=\"556\" src=\"http:\/\/http:\/\/www.saintedevotemonaco.com\/wp-content\/uploads\/2018\/11\/eglise_sainte_devote.jpg\" alt=\"\" class=\"wp-image-163\" srcset=\"https:\/\/www.saintedevotemonaco.com\/wp-content\/uploads\/2018\/11\/eglise_sainte_devote.jpg 680w, https:\/\/www.saintedevotemonaco.com\/wp-content\/uploads\/2018\/11\/eglise_sainte_devote-300x245.jpg 300w, https:\/\/www.saintedevotemonaco.com\/wp-content\/uploads\/2018\/11\/eglise_sainte_devote-500x409.jpg 500w, https:\/\/www.saintedevotemonaco.com\/wp-content\/uploads\/2018\/11\/eglise_sainte_devote-600x491.jpg 600w\" sizes=\"auto, (max-width: 680px) 100vw, 680px\" \/><\/figure>\n\n\n\n<p>\u00c9glise Sainte-D\u00e9vote<\/p>\n\n\n\n<h4 class=\"wp-block-heading\">Und das Fischerboot strandete im Tal der Gaumates<\/h4>\n\n\n\n<p>Schon in den ersten Stunden der \u00dcberfahrt kam ein Sturm auf. Da entflog eine wei\u00dfe Taube aus dem Mund von D\u00e9vote und f\u00fchrte das Boot unbehindert bis nach Monaco, wo es im Tal der Gaumates strandete (Dort liegt die heutige Kirche zur Heiligen D\u00e9vote). Es war am sechsten Tag vor den Februarkalenden, was ungef\u00e4hr dem Datum vom 22. Januar entspricht.<\/p>\n\n\n\n<h4 class=\"wp-block-heading\">Die entwendeten Reliquien<\/h4>\n\n\n\n<p>Ein Oratorium kennzeichnete den Ort der Grabst\u00e4tte. Zahlreiche Gl\u00e4ubige, seien es Bewohner von Monaco oder Seeleute auf der Durchreise, beteten dort mit Andacht und so geschahen die ersten Wunder. Eines Nachts raubte jedoch ein Mann die Reliquien der Heiligen, in der Absicht, deren Wohltaten auszuhandeln. Die Freveltat nahm ein j\u00e4hes Ende, denn eine Gruppe von Fischern verfolgte den \u00dcbelt\u00e4ter und holte ihn mit dem Ruderboot ein. Das Boot des R\u00e4ubers wurde anschlie\u00dfend auf dem Strand als S\u00fchne verbrannt.<\/p>\n\n\n\n<h4 class=\"wp-block-heading\">Der g\u00f6ttliche Schutz der Heiligen<\/h4>\n\n\n\n<p>Des Weiteren wird erz\u00e4hlt, dass die Heilige im XVI. Jahrhundert w\u00e4hrend eines Krieges gegen die Genuaner und die Bewohner Pisas die Stadt Monaco besch\u00fctzte : Der Feind belagerte die Festung. Dessen Angriff wurde \u00fcber sechs Monate hinweg von den Monegassen abgewehrt, denen die Heilige D\u00e9vote erschienen war und g\u00f6ttlichen Schutz, sowie den Sieg versprochen hatte. Am 15. Mai 1507 gaben die Genuaner die Belagerung auf.<\/p>\n\n\n\n<p>Seit dem Jahre 1924 &#8211; zu jener Zeit regierte Prinz Ludwig II &#8211; wird jedes Jahr, am Abend des 26. Januars, ein Fischerboot verbrannt.<\/p>\n\n\n\n<h3 class=\"wp-block-heading\">Eine starke Inbrunst<\/h3>\n\n\n\n<h4 class=\"wp-block-heading\">Die Schutzseele der monegassischen Identit\u00e4t<br><\/h4>\n\n\n\n<p>Die Heilige D\u00e9vote wird immer noch im F\u00fcrstentum Monaco inbr\u00fcnstig verehrt. Deren Verehrung, die unweigerlich mit Monaco und ihren Prinzen verbunden ist, findet sich offiziell in jeder Kirche und auf M\u00fcnzen wieder. Sie ist die Schutzseele der monegassischen Identit\u00e4t, deren Reliquien sowohl in Freude, als auch in Leid erflehen wurden. An dieser Stelle sei darauf verwiesen, dass das erste, das erste in monegassischer Sprache verfasste Buch &#8211; der Autor dieses Buches war der monegassische Dichter Louis Notari &#8211; den Titel &#8222;A legenda de Santa Devota&#8220; (die Legende von der Heiligen D\u00e9vote) tr\u00e4gt.<\/p>\n","protected":false},"excerpt":{"rendered":"<p>Die Geschichte und die Legende Ganz am Anfang des vierten Jahrhunderts ordnete der r\u00f6mische Gouverneur Diocl\u00e9tien an, dass die Christen in Korsika (damals eine r\u00f6mische Provinz) verfolgt werden sollten. Eine junge Christin, die sich von ihrem Glauben nicht lossagte Eine junge Christin, D\u00e9vote, wurde festgenommen, verhaftet und gefoltert. Sie starb, ohne sich von ihrem Glauben [&hellip;]<\/p>\n","protected":false},"author":2,"featured_media":384,"parent":0,"menu_order":0,"comment_status":"closed","ping_status":"closed","template":"","meta":{"footnotes":""},"class_list":["post-759","page","type-page","status-publish","has-post-thumbnail","hentry"],"aioseo_notices":[],"_links":{"self":[{"href":"https:\/\/www.saintedevotemonaco.com\/de\/wp-json\/wp\/v2\/pages\/759","targetHints":{"allow":["GET"]}}],"collection":[{"href":"https:\/\/www.saintedevotemonaco.com\/de\/wp-json\/wp\/v2\/pages"}],"about":[{"href":"https:\/\/www.saintedevotemonaco.com\/de\/wp-json\/wp\/v2\/types\/page"}],"author":[{"embeddable":true,"href":"https:\/\/www.saintedevotemonaco.com\/de\/wp-json\/wp\/v2\/users\/2"}],"replies":[{"embeddable":true,"href":"https:\/\/www.saintedevotemonaco.com\/de\/wp-json\/wp\/v2\/comments?post=759"}],"version-history":[{"count":0,"href":"https:\/\/www.saintedevotemonaco.com\/de\/wp-json\/wp\/v2\/pages\/759\/revisions"}],"wp:featuredmedia":[{"embeddable":true,"href":"https:\/\/www.saintedevotemonaco.com\/de\/wp-json\/wp\/v2\/media\/384"}],"wp:attachment":[{"href":"https:\/\/www.saintedevotemonaco.com\/de\/wp-json\/wp\/v2\/media?parent=759"}],"curies":[{"name":"wp","href":"https:\/\/api.w.org\/{rel}","templated":true}]}}