{"id":743,"date":"2018-11-09T15:54:45","date_gmt":"2018-11-09T15:54:45","guid":{"rendered":"http:\/\/http:\/\/www.saintedevotemonaco.com?page_id=743"},"modified":"2019-01-02T11:21:39","modified_gmt":"2019-01-02T10:21:39","slug":"sainte-devote","status":"publish","type":"page","link":"https:\/\/www.saintedevotemonaco.com\/de\/sainte-devote\/","title":{"rendered":"Sainte D\u00e9vote"},"content":{"rendered":"\n<p>Die Heilige Devote ist zugleich Schutzpatronin des F\u00fcrstentums Monaco, des F\u00fcrstenhauses und der Erzdi\u00f6zese von Monaco, sowie die Schutzpatronin von Korsika.<\/p>\n\n\n\n<div class=\"wp-block-image\"><figure class=\"aligncenter\"><figure><img loading=\"lazy\" decoding=\"async\" width=\"540\" height=\"494\" src=\"http:\/\/http:\/\/www.saintedevotemonaco.com\/wp-content\/uploads\/2018\/11\/devote.jpg\" alt=\"\" class=\"wp-image-161\" srcset=\"https:\/\/www.saintedevotemonaco.com\/wp-content\/uploads\/2018\/11\/devote.jpg 540w, https:\/\/www.saintedevotemonaco.com\/wp-content\/uploads\/2018\/11\/devote-300x274.jpg 300w, https:\/\/www.saintedevotemonaco.com\/wp-content\/uploads\/2018\/11\/devote-500x457.jpg 500w\" sizes=\"auto, (max-width: 540px) 100vw, 540px\" \/><\/figure><\/figure><\/div>\n","protected":false},"excerpt":{"rendered":"<p>Die Heilige Devote ist zugleich Schutzpatronin des F\u00fcrstentums Monaco, des F\u00fcrstenhauses und der Erzdi\u00f6zese von Monaco, sowie die Schutzpatronin von Korsika.<\/p>\n","protected":false},"author":2,"featured_media":189,"parent":0,"menu_order":0,"comment_status":"closed","ping_status":"closed","template":"","meta":{"footnotes":""},"class_list":["post-743","page","type-page","status-publish","has-post-thumbnail","hentry"],"aioseo_notices":[],"_links":{"self":[{"href":"https:\/\/www.saintedevotemonaco.com\/de\/wp-json\/wp\/v2\/pages\/743","targetHints":{"allow":["GET"]}}],"collection":[{"href":"https:\/\/www.saintedevotemonaco.com\/de\/wp-json\/wp\/v2\/pages"}],"about":[{"href":"https:\/\/www.saintedevotemonaco.com\/de\/wp-json\/wp\/v2\/types\/page"}],"author":[{"embeddable":true,"href":"https:\/\/www.saintedevotemonaco.com\/de\/wp-json\/wp\/v2\/users\/2"}],"replies":[{"embeddable":true,"href":"https:\/\/www.saintedevotemonaco.com\/de\/wp-json\/wp\/v2\/comments?post=743"}],"version-history":[{"count":0,"href":"https:\/\/www.saintedevotemonaco.com\/de\/wp-json\/wp\/v2\/pages\/743\/revisions"}],"wp:featuredmedia":[{"embeddable":true,"href":"https:\/\/www.saintedevotemonaco.com\/de\/wp-json\/wp\/v2\/media\/189"}],"wp:attachment":[{"href":"https:\/\/www.saintedevotemonaco.com\/de\/wp-json\/wp\/v2\/media?parent=743"}],"curies":[{"name":"wp","href":"https:\/\/api.w.org\/{rel}","templated":true}]}}