{"id":719,"date":"2018-11-07T16:19:33","date_gmt":"2018-11-07T16:19:33","guid":{"rendered":"http:\/\/http:\/\/www.saintedevotemonaco.com?page_id=719"},"modified":"2019-01-10T18:28:29","modified_gmt":"2019-01-10T17:28:29","slug":"test","status":"publish","type":"page","link":"https:\/\/www.saintedevotemonaco.com\/de\/","title":{"rendered":"Home"},"content":{"rendered":" \n\n<div class=\"grid-container \">\n<div class=\"preview_and_image_block grid-x grid-padding-x grid-margin-x\">\n<div class=\"cell small-12 medium-9\">\n\n<h3 class=\"standard_title__big\">Nachrichten und Informationen<\/h3>\n\t<ul class=\"grid-container full\">\n\t\t    <li class=\"grid-x single_related_pos\">\n        <div class=\"img_wrp cell small-12 medium-4\">\n\t\t<img loading=\"lazy\" decoding=\"async\" width=\"255\" height=\"145\" src=\"https:\/\/www.saintedevotemonaco.com\/wp-content\/uploads\/2018\/11\/p_albert-1-255x145.jpg\" class=\"attachment-homepage-thumb size-homepage-thumb wp-post-image\" alt=\"\" \/>\t\t\t<\/div>\n<div class=\" cell small-12 medium-8\">\n\t<div class=\"conts_wrp\">\n\t\t\t<a class=\"related_title standard_title__small\" href=\"https:\/\/www.saintedevotemonaco.com\/de\/2003-die-prinzen-rainer-der-dritte-und-albert-der-zweite-auf-der-spur-von-devote\/\">2003 : Die Prinzen Rainer der Dritte und Albert der Zweite auf der Spur von D\u00e9vote<\/a><a class=\"related_button related_button__desktop standard_button__solid\" href=\"https:\/\/www.saintedevotemonaco.com\/de\/2003-die-prinzen-rainer-der-dritte-und-albert-der-zweite-auf-der-spur-von-devote\/\">Weiterlesen<\/a>\n\t<\/div>\n\t\t\t<span>\nAnl\u00e4sslich der Pfingstfeierlichkeiten im Juni 2003, als man den eintausendsiebenhundertsten Geburtstag des Martyriums von D\u00e9vote feierte, begaben s&#8230;<\/span>\n\n\t\t\t<a class=\"related_button related_button__mobile standard_button__solid\" href=\"https:\/\/www.saintedevotemonaco.com\/de\/2003-die-prinzen-rainer-der-dritte-und-albert-der-zweite-auf-der-spur-von-devote\/\">Weiterlesen<\/a>\n\t\t\t<\/div>\n\t\t\t\n\t    <\/li>\n\t\t    <li class=\"grid-x single_related_pos\">\n        <div class=\"img_wrp cell small-12 medium-4\">\n\t\t<img loading=\"lazy\" decoding=\"async\" width=\"200\" height=\"145\" src=\"https:\/\/www.saintedevotemonaco.com\/wp-content\/uploads\/2018\/11\/barque_m-1-200x145.jpg\" class=\"attachment-homepage-thumb size-homepage-thumb wp-post-image\" alt=\"\" \/>\t\t\t<\/div>\n<div class=\" cell small-12 medium-8\">\n\t<div class=\"conts_wrp\">\n\t\t\t<a class=\"related_title standard_title__small\" href=\"https:\/\/www.saintedevotemonaco.com\/de\/aus-welchem-grund-wird-denn-das-fischerboot-entflammt\/\">Aus welchem Grund wird denn das Fischerboot entflammt ?<\/a><a class=\"related_button related_button__desktop standard_button__solid\" href=\"https:\/\/www.saintedevotemonaco.com\/de\/aus-welchem-grund-wird-denn-das-fischerboot-entflammt\/\">Weiterlesen<\/a>\n\t<\/div>\n\t\t\t<span>\n\n\n\n\nEin Fischer wollte die Reliquien der Heiligen stehlen. Um ihn zu bestrafen, nahmen ihm andere Fischer sein Boot weg und verbrannten es als Vergel&#8230;<\/span>\n\n\t\t\t<a class=\"related_button related_button__mobile standard_button__solid\" href=\"https:\/\/www.saintedevotemonaco.com\/de\/aus-welchem-grund-wird-denn-das-fischerboot-entflammt\/\">Weiterlesen<\/a>\n\t\t\t<\/div>\n\t\t\t\n\t    <\/li>\n\t\t    <li class=\"grid-x single_related_pos\">\n        <div class=\"img_wrp cell small-12 medium-4\">\n\t\t<img loading=\"lazy\" decoding=\"async\" width=\"200\" height=\"145\" src=\"https:\/\/www.saintedevotemonaco.com\/wp-content\/uploads\/2018\/11\/canonica_m-1-200x145.jpg\" class=\"attachment-homepage-thumb size-homepage-thumb wp-post-image\" alt=\"canonica\" \/>\t\t\t<\/div>\n<div class=\" cell small-12 medium-8\">\n\t<div class=\"conts_wrp\">\n\t\t\t<a class=\"related_title standard_title__small\" href=\"https:\/\/www.saintedevotemonaco.com\/de\/canonica-eine-statue-die-prinz-rainer-der-dritte-spendete\/\">Canonica : eine Statue, die Prinz Rainer der Dritte spendete<\/a><a class=\"related_button related_button__desktop standard_button__solid\" href=\"https:\/\/www.saintedevotemonaco.com\/de\/canonica-eine-statue-die-prinz-rainer-der-dritte-spendete\/\">Weiterlesen<\/a>\n\t<\/div>\n\t\t\t<span>\nPrinz Rainer der Dritte spendete am 9. Juni 2003, im Rahmen seines Besuchs auf Korsika und anl\u00e4sslich der 17. Hundertjahrfeier des Martyriums der he&#8230;<\/span>\n\n\t\t\t<a class=\"related_button related_button__mobile standard_button__solid\" href=\"https:\/\/www.saintedevotemonaco.com\/de\/canonica-eine-statue-die-prinz-rainer-der-dritte-spendete\/\">Weiterlesen<\/a>\n\t\t\t<\/div>\n\t\t\t\n\t    <\/li>\n\t\t<span style=\"float:right;\" class=\"btn_read_more\"><a href=\"https:\/\/www.saintedevotemonaco.com\/de\/news\/\">Lesen Sie alle Nachrichten<\/a><\/span>\n\n\t<\/ul>\n\n\n<\/div>\n<div class=\"cell small-12 medium-3\">\n<h3 class=\"standard_title__big\">Eine DVD erhalten<\/h3>\n<div class=\"dvd_block__wrp\">\n<a class=\"dvd_block\" href=\"https:\/\/www.saintedevotemonaco.com\/de\/die-dvd\/eine-dvd-erhalten\/\">\n<picture>\n\n\t<img decoding=\"async\" src=\"https:\/\/www.saintedevotemonaco.com\/wp-content\/uploads\/2018\/11\/get_dvd_fr-e1541780218806.png\" alt=\"Sainte D\u00e9vote DVD\" \/>\n\n<\/picture>\n<div class=\"content_right_side\">\n<h3 class=\"standard_title__small\">Holen Sie sich die DVD<\/h3>\n<h4 class=\"standard_subtitle\"><\/h4>\n<p>Erhalten Sie eine kostenlose DVD Sainte D\u00e9vote? Nichts einfacher als das&#8230; Hier klicken und ausf\u00fcllen das Formular<\/p>\n<\/div>\n\t<\/a>\n\t<\/div>\n<\/div>\n<\/div>\n<\/div>\n\n<div class=\"grid-container full single_block_carousel_elements__wrp\">\n <div class=\"single_block_carousel_elements grid-x grid-padding-x\">\n\t \t <div class=\"single_slide cell small-12\"> \n\t \t\t\t\t\t\n\t\t\t\t\t<a data-fancybox=\"gallery\" class=\"fancybox\" href=\"https:\/\/www.saintedevotemonaco.com\/wp-content\/uploads\/2018\/11\/bandeau1.jpg \">\n\t\t\t\t\t\n\t\t\t\t<img loading=\"lazy\" decoding=\"async\" class=\"single_slide_img\" src=\"https:\/\/www.saintedevotemonaco.com\/wp-content\/uploads\/2018\/11\/bandeau1.jpg\" alt=\"\" width=\"560\" height=\"150\" \/>\n\t\t\t\t\t\n\t\t\t<\/a>\n\t<\/div>\n\t \t <div class=\"single_slide cell small-12\"> \n\t \t\t\t\t\t\n\t\t\t\t\t<a data-fancybox=\"gallery\" class=\"fancybox\" href=\"https:\/\/www.saintedevotemonaco.com\/wp-content\/uploads\/2018\/11\/bandeau5.jpg \">\n\t\t\t\t\t\n\t\t\t\t<img loading=\"lazy\" decoding=\"async\" class=\"single_slide_img\" src=\"https:\/\/www.saintedevotemonaco.com\/wp-content\/uploads\/2018\/11\/bandeau5.jpg\" alt=\"\" width=\"560\" height=\"150\" \/>\n\t\t\t\t\t\n\t\t\t<\/a>\n\t<\/div>\n\t \t <div class=\"single_slide cell small-12\"> \n\t \t\t\t\t\t\n\t\t\t\t\t<a data-fancybox=\"gallery\" class=\"fancybox\" href=\"https:\/\/www.saintedevotemonaco.com\/wp-content\/uploads\/2018\/11\/bandeau3.jpg \">\n\t\t\t\t\t\n\t\t\t\t<img loading=\"lazy\" decoding=\"async\" class=\"single_slide_img\" src=\"https:\/\/www.saintedevotemonaco.com\/wp-content\/uploads\/2018\/11\/bandeau3.jpg\" alt=\"\" width=\"560\" height=\"150\" \/>\n\t\t\t\t\t\n\t\t\t<\/a>\n\t<\/div>\n\t \t <div class=\"single_slide cell small-12\"> \n\t \t\t\t\t\t\n\t\t\t\t\t<a data-fancybox=\"gallery\" class=\"fancybox\" href=\"https:\/\/www.saintedevotemonaco.com\/wp-content\/uploads\/2018\/11\/bandeau2.jpg \">\n\t\t\t\t\t\n\t\t\t\t<img loading=\"lazy\" decoding=\"async\" class=\"single_slide_img\" src=\"https:\/\/www.saintedevotemonaco.com\/wp-content\/uploads\/2018\/11\/bandeau2.jpg\" alt=\"\" width=\"560\" height=\"150\" \/>\n\t\t\t\t\t\n\t\t\t<\/a>\n\t<\/div>\n\t <\/div>\n<\/div>\n  \n\n<div class=\"grid-container \">\n    <div class=\"slogan_home_block grid-x grid-padding-x grid-margin-x\">\n        <div class=\"cell small-12 medium-9\">\n            <h3 class=\"standard_title__big\">\n                Warum eine Website \u00fcber Sainte Devote?            <\/h3>\n            <p>Im F\u00fcrstentum Monaco, wo die apostolische r\u00f6misch-katholische Religion Staatsreligion ist, ist die Heilige D\u00e9vote seit eh und je mit der Geschichte des Landes und dessen Traditionen eng verbunden.<\/p>\n<p>Diese innere Verbundenheit und diese Zuneigung f\u00fcr die Heilige sind stark sp\u00fcrbar und sie \u00fcberdauern nicht nur in Monaco sondern auch in Korsika.<\/p>\n<p>Jedoch sind einige Aspekte ihres Lebens, sowie die ihr gewidmeten Veranstaltungen und viele andere Aspekte kaum bekannt, wenn nicht v\u00f6llig unbekannt, oder werden einfach durcheinander gebracht.<\/p>\n<p>Das schlichte Anliegen dieser Web-Site besteht deswegen darin : ein modernes Mittel zu sein, das es einem gestattet, das wahre Antlitz der Heiligen D\u00e9vote, deren Tradition seit mehreren Jahrhunderten besteht, zu entdecken, oder kennen zu lernen.<\/p>\n<p>&nbsp;<\/p>\n\n        <\/div>\n        <div class=\"cell small-12 medium-3\">\n            <h3 class=\"standard_title__big\">\n                Uns auf Bilder            <\/h3>\n            \n\n                <div class=\"slogan_carousel\">\n                        <img loading=\"lazy\" decoding=\"async\" width=\"300\" height=\"216\" src=\"https:\/\/www.saintedevotemonaco.com\/wp-content\/uploads\/2018\/11\/procession_26_01_800-1-300x216.jpg\" class=\"attachment-medium size-medium\" alt=\"\" srcset=\"https:\/\/www.saintedevotemonaco.com\/wp-content\/uploads\/2018\/11\/procession_26_01_800-1-300x216.jpg 300w, https:\/\/www.saintedevotemonaco.com\/wp-content\/uploads\/2018\/11\/procession_26_01_800-1-768x552.jpg 768w, https:\/\/www.saintedevotemonaco.com\/wp-content\/uploads\/2018\/11\/procession_26_01_800-1-500x359.jpg 500w, https:\/\/www.saintedevotemonaco.com\/wp-content\/uploads\/2018\/11\/procession_26_01_800-1-600x431.jpg 600w, https:\/\/www.saintedevotemonaco.com\/wp-content\/uploads\/2018\/11\/procession_26_01_800-1.jpg 800w\" sizes=\"auto, (max-width: 300px) 100vw, 300px\" \/>                        <img loading=\"lazy\" decoding=\"async\" width=\"200\" height=\"150\" src=\"https:\/\/www.saintedevotemonaco.com\/wp-content\/uploads\/2018\/11\/barque_m.jpg\" class=\"attachment-medium size-medium\" alt=\"\" \/>                        <img loading=\"lazy\" decoding=\"async\" width=\"300\" height=\"236\" src=\"https:\/\/www.saintedevotemonaco.com\/wp-content\/uploads\/2018\/11\/CharleneAlbert-300x236.jpg\" class=\"attachment-medium size-medium\" alt=\"\" srcset=\"https:\/\/www.saintedevotemonaco.com\/wp-content\/uploads\/2018\/11\/CharleneAlbert-300x236.jpg 300w, https:\/\/www.saintedevotemonaco.com\/wp-content\/uploads\/2018\/11\/CharleneAlbert.jpg 381w\" sizes=\"auto, (max-width: 300px) 100vw, 300px\" \/>                        <img loading=\"lazy\" decoding=\"async\" width=\"200\" height=\"150\" src=\"https:\/\/www.saintedevotemonaco.com\/wp-content\/uploads\/2018\/11\/prince_m.jpg\" class=\"attachment-medium size-medium\" alt=\"\" \/>                        <img loading=\"lazy\" decoding=\"async\" width=\"300\" height=\"288\" src=\"https:\/\/www.saintedevotemonaco.com\/wp-content\/uploads\/2018\/11\/embrasement2_800-2-300x288.jpg\" class=\"attachment-medium size-medium\" alt=\"embrasement\" srcset=\"https:\/\/www.saintedevotemonaco.com\/wp-content\/uploads\/2018\/11\/embrasement2_800-2-300x288.jpg 300w, https:\/\/www.saintedevotemonaco.com\/wp-content\/uploads\/2018\/11\/embrasement2_800-2-768x737.jpg 768w, https:\/\/www.saintedevotemonaco.com\/wp-content\/uploads\/2018\/11\/embrasement2_800-2-500x480.jpg 500w, https:\/\/www.saintedevotemonaco.com\/wp-content\/uploads\/2018\/11\/embrasement2_800-2-600x576.jpg 600w, https:\/\/www.saintedevotemonaco.com\/wp-content\/uploads\/2018\/11\/embrasement2_800-2.jpg 800w\" sizes=\"auto, (max-width: 300px) 100vw, 300px\" \/>                        <img loading=\"lazy\" decoding=\"async\" width=\"300\" height=\"274\" src=\"https:\/\/www.saintedevotemonaco.com\/wp-content\/uploads\/2018\/11\/devote-2-300x274.jpg\" class=\"attachment-medium size-medium\" alt=\"immagine Santa Devota\" srcset=\"https:\/\/www.saintedevotemonaco.com\/wp-content\/uploads\/2018\/11\/devote-2-300x274.jpg 300w, https:\/\/www.saintedevotemonaco.com\/wp-content\/uploads\/2018\/11\/devote-2-500x457.jpg 500w, https:\/\/www.saintedevotemonaco.com\/wp-content\/uploads\/2018\/11\/devote-2.jpg 540w\" sizes=\"auto, (max-width: 300px) 100vw, 300px\" \/>                        <img loading=\"lazy\" decoding=\"async\" width=\"200\" height=\"150\" src=\"https:\/\/www.saintedevotemonaco.com\/wp-content\/uploads\/2018\/11\/querci_m.jpg\" class=\"attachment-medium size-medium\" alt=\"\" \/>                        <img loading=\"lazy\" decoding=\"async\" width=\"300\" height=\"248\" src=\"https:\/\/www.saintedevotemonaco.com\/wp-content\/uploads\/2018\/11\/lucciana-1-300x248.jpg\" class=\"attachment-medium size-medium\" alt=\"Lucciana\" srcset=\"https:\/\/www.saintedevotemonaco.com\/wp-content\/uploads\/2018\/11\/lucciana-1-300x248.jpg 300w, https:\/\/www.saintedevotemonaco.com\/wp-content\/uploads\/2018\/11\/lucciana-1-500x414.jpg 500w, https:\/\/www.saintedevotemonaco.com\/wp-content\/uploads\/2018\/11\/lucciana-1-600x497.jpg 600w, https:\/\/www.saintedevotemonaco.com\/wp-content\/uploads\/2018\/11\/lucciana-1.jpg 681w\" sizes=\"auto, (max-width: 300px) 100vw, 300px\" \/>        <\/div>\n\n        <\/div>\n    <\/div>\n<\/div>","protected":false},"excerpt":{"rendered":"","protected":false},"author":2,"featured_media":0,"parent":0,"menu_order":0,"comment_status":"closed","ping_status":"closed","template":"template-home.php","meta":{"footnotes":""},"class_list":["post-719","page","type-page","status-publish","hentry"],"aioseo_notices":[],"_links":{"self":[{"href":"https:\/\/www.saintedevotemonaco.com\/de\/wp-json\/wp\/v2\/pages\/719","targetHints":{"allow":["GET"]}}],"collection":[{"href":"https:\/\/www.saintedevotemonaco.com\/de\/wp-json\/wp\/v2\/pages"}],"about":[{"href":"https:\/\/www.saintedevotemonaco.com\/de\/wp-json\/wp\/v2\/types\/page"}],"author":[{"embeddable":true,"href":"https:\/\/www.saintedevotemonaco.com\/de\/wp-json\/wp\/v2\/users\/2"}],"replies":[{"embeddable":true,"href":"https:\/\/www.saintedevotemonaco.com\/de\/wp-json\/wp\/v2\/comments?post=719"}],"version-history":[{"count":0,"href":"https:\/\/www.saintedevotemonaco.com\/de\/wp-json\/wp\/v2\/pages\/719\/revisions"}],"wp:attachment":[{"href":"https:\/\/www.saintedevotemonaco.com\/de\/wp-json\/wp\/v2\/media?parent=719"}],"curies":[{"name":"wp","href":"https:\/\/api.w.org\/{rel}","templated":true}]}}