{"id":1372,"date":"2018-11-30T08:20:10","date_gmt":"2018-11-30T08:20:10","guid":{"rendered":"http:\/\/http:\/\/www.saintedevotemonaco.com\/?page_id=1372"},"modified":"2018-12-20T13:30:17","modified_gmt":"2018-12-20T13:30:17","slug":"schutzpatronin-von-korsika","status":"publish","type":"page","link":"https:\/\/www.saintedevotemonaco.com\/de\/schutzpatronin-von-korsika\/","title":{"rendered":"Schutzpatronin von Korsika"},"content":{"rendered":"\n<p>In Korsika, wohin vom F\u00fcrstentum aus Reliquien der Heiligen gesandt \nwurden, gewann die Verehrung der Heiligen D\u00e9vote erst im XVII. \nJahrhundert an Bedeutung. Eine Reliquie wurde im Jahr 1637 in der Kirche\n zu Sankt Ignaz der Jesuiten ausgestellt, und eine andere im Jahre 1728.<\/p>\n\n\n\n<h4 class=\"wp-block-heading\">1727-1751 : drei unternommene Schritte.<\/h4>\n\n\n\n<p>\nZwischen 1727 und 1751 wurden in Rom drei Schritte vergebens \nunternommen, damit die Heilige D\u00e9vote (Santa Divota in korsischer \nSprache) zur Schutzpatronin des K\u00f6nigtums ernannt wurde.\n\n<\/p>\n\n\n\n<p>Bereits im Jahre1731 war D\u00e9vote zur Besch\u00fctzerin Korsikas erw\u00e4hlt worden.<\/p>\n\n\n\n<div class=\"wp-block-image\"><figure class=\"aligncenter\"><img loading=\"lazy\" decoding=\"async\" width=\"768\" height=\"576\" src=\"http:\/\/http:\/\/www.saintedevotemonaco.com\/wp-content\/uploads\/2018\/11\/canonica.jpg\" alt=\" Cath\u00e9drale Canonica\" class=\"wp-image-304\" srcset=\"https:\/\/www.saintedevotemonaco.com\/wp-content\/uploads\/2018\/11\/canonica.jpg 768w, https:\/\/www.saintedevotemonaco.com\/wp-content\/uploads\/2018\/11\/canonica-300x225.jpg 300w, https:\/\/www.saintedevotemonaco.com\/wp-content\/uploads\/2018\/11\/canonica-500x375.jpg 500w, https:\/\/www.saintedevotemonaco.com\/wp-content\/uploads\/2018\/11\/canonica-600x450.jpg 600w\" sizes=\"auto, (max-width: 768px) 100vw, 768px\" \/><figcaption>Cath\u00e9drale Canonica<\/figcaption><\/figure><\/div>\n\n\n\n<h4 class=\"wp-block-heading\">Schutzpatronin von Korsika durch Anordnung der Kongregation der Riten vom 14. M\u00e4rz 1820<\/h4>\n\n\n\n<p>Im Jahre 1820 rief der erste Bischof der korsischen Kirche die sechs \nfr\u00fcheren Di\u00f6zesen der Insel zusammen. Und er rief von diesem Augenblick \nan die Heilige D\u00e9vote zur Hauptschutzpatronin von Korsika aus, ebenso \nwie die heilige Julia von Nonza, und zwar infolge des Dekrets der Riten \nvom 14. M\u00e4rz.<\/p>\n\n\n\n<h4 class=\"wp-block-heading\">Pietranera, die erste, der Heiligen gewidmete Kirche<\/h4>\n\n\n\n<p>Im Jahre 1893 wurde der Heiligen zum ersten Mal eine Kirche gewidmet,\n und zwar diejenige, die in Pietranera wieder aufgebaut wurde. Bis 1936 \nsollte sie die einzige korsische Kultst\u00e4tte bleiben, die unter dem \nSchutz der jungen Martyrerin stand.<\/p>\n\n\n\n<p>Heutzutage, auch wenn das Fest zur Heiligen D\u00e9vote weiterhin auf den \n27. Januar fallen wird, werden die Feierlichkeiten auf den \ndarauffolgenden Sonntag verschoben. Am Pfingstsonntag beteiligen sich \nzahlreiche Bruderschaften von B\u00fc\u00dfern an der Prozession, die vom Dom der \nCanonica aufbricht. Die offiziellen Texte der Messe wurden am 18. M\u00e4rz \nvon dem Bischof Ajaccios und der Kongregation gutgehei\u00dfen, sowie die \nTexte f\u00fcr den g\u00f6ttlichen Dienst am 11. August desselben Jahres.<\/p>\n\n\n\n<h4 class=\"wp-block-heading\">Im Vertrauen auf &#8222;Santa Divota&#8220;<\/h4>\n\n\n\n<p>Die Heilige D\u00e9vote fl\u00f6\u00dfte den Korsen Mut gegen den Einfall der Genuaner ein. Man erz\u00e4hlt, dass die Korsen unter Giampetro Gaffory und sp\u00e4ter unter Pascal Paoli, die Genuaner abwehrten, indem sie sich auf &#8222;Santa Divota !&#8220; beriefen.<br><br>Die inbr\u00fcnstige Zuneigung des korsischen Volkes f\u00fcr die Heilige D\u00e9vote ist seit eh und je sehr stark gewesen. Ihre Beliebtheit inspirierte sogar die Dramatiker. Im Jahre 1912 schrieb Ghjuvan Petru Lucciardi &#8222;u martiriu die Santa Divota&#8220; (das Martyrium der Heiligen D\u00e9vote) und lie\u00df es inszenieren.<\/p>\n","protected":false},"excerpt":{"rendered":"<p>In Korsika, wohin vom F\u00fcrstentum aus Reliquien der Heiligen gesandt wurden, gewann die Verehrung der Heiligen D\u00e9vote erst im XVII. Jahrhundert an Bedeutung. Eine Reliquie wurde im Jahr 1637 in der Kirche zu Sankt Ignaz der Jesuiten ausgestellt, und eine andere im Jahre 1728. 1727-1751 : drei unternommene Schritte. Zwischen 1727 und 1751 wurden in [&hellip;]<\/p>\n","protected":false},"author":2,"featured_media":0,"parent":0,"menu_order":0,"comment_status":"closed","ping_status":"closed","template":"","meta":{"footnotes":""},"class_list":["post-1372","page","type-page","status-publish","hentry"],"aioseo_notices":[],"_links":{"self":[{"href":"https:\/\/www.saintedevotemonaco.com\/de\/wp-json\/wp\/v2\/pages\/1372","targetHints":{"allow":["GET"]}}],"collection":[{"href":"https:\/\/www.saintedevotemonaco.com\/de\/wp-json\/wp\/v2\/pages"}],"about":[{"href":"https:\/\/www.saintedevotemonaco.com\/de\/wp-json\/wp\/v2\/types\/page"}],"author":[{"embeddable":true,"href":"https:\/\/www.saintedevotemonaco.com\/de\/wp-json\/wp\/v2\/users\/2"}],"replies":[{"embeddable":true,"href":"https:\/\/www.saintedevotemonaco.com\/de\/wp-json\/wp\/v2\/comments?post=1372"}],"version-history":[{"count":0,"href":"https:\/\/www.saintedevotemonaco.com\/de\/wp-json\/wp\/v2\/pages\/1372\/revisions"}],"wp:attachment":[{"href":"https:\/\/www.saintedevotemonaco.com\/de\/wp-json\/wp\/v2\/media?parent=1372"}],"curies":[{"name":"wp","href":"https:\/\/api.w.org\/{rel}","templated":true}]}}